{"id":3516,"date":"2022-07-18T13:14:59","date_gmt":"2022-07-18T11:29:00","guid":{"rendered":"https:\/\/glassheritagecentre.com\/glasvase-caffe\/"},"modified":"2022-07-18T13:29:03","modified_gmt":"2022-07-18T11:29:03","slug":"glasvase-caffe","status":"publish","type":"product","link":"https:\/\/glassheritagecentre.com\/de\/glasvase-caffe\/","title":{"rendered":"Glasvase Caff\u00e8"},"content":{"rendered":"<p>Eine Vase ist ein unverzichtbares Element in jedem Haus.  Blumen brauchen zwar Feuchtigkeit und frische Luft, um zu wachsen, aber es braucht mehr als nur Blumen, um Ihr Zuhause warm und einladend zu gestalten.  Ein Tischschmuck mit Ihren Lieblingsblumen belebt einen Raum und verleiht ihm eine nat\u00fcrliche Sch\u00f6nheit, die man nicht in jedem Gesch\u00e4ft findet.  Dekorieren Sie die herzliche Atmosph\u00e4re, die uns bei Familienfesten umgibt, mit diesen einzigartigen Glasvasen.<\/p>\n<p> Glasvasen sind dazu bestimmt, Wasser oder andere Fl\u00fcssigkeiten aufzunehmen, aber ihre tats\u00e4chliche Verwendung h\u00e4ngt ganz von der Fantasie des Betrachters ab!  Vasen wurden lange Zeit von den Menschen zur Aufbewahrung von \u00d6l oder Wein verwendet, bevor sie zu Dekorationszwecken dienten.  Die Vase ist eine luxuri\u00f6se und zeitlose Dekoration, die sowohl die Blumen im Inneren erg\u00e4nzt als auch die Langlebigkeit von Gestecken aus Gr\u00fcnzeug oder Trockenobst gew\u00e4hrleistet.  Bei der gro\u00dfen Auswahl an Vasen, die GHC anbietet, finden Sie garantiert eine, die Ihren Bed\u00fcrfnissen entspricht.<\/p>\n","protected":false},"excerpt":{"rendered":"<p>L\u00e4nge: 16 cm<br \/>\nBreite: 16 cm<br \/>\nH\u00f6he: 20 cm<\/p>\n","protected":false},"featured_media":334,"template":"","meta":[],"product_cat":[205],"product_tag":[],"_links":{"self":[{"href":"https:\/\/glassheritagecentre.com\/de\/wp-json\/wp\/v2\/product\/3516"}],"collection":[{"href":"https:\/\/glassheritagecentre.com\/de\/wp-json\/wp\/v2\/product"}],"about":[{"href":"https:\/\/glassheritagecentre.com\/de\/wp-json\/wp\/v2\/types\/product"}],"wp:featuredmedia":[{"embeddable":true,"href":"https:\/\/glassheritagecentre.com\/de\/wp-json\/wp\/v2\/media\/334"}],"wp:attachment":[{"href":"https:\/\/glassheritagecentre.com\/de\/wp-json\/wp\/v2\/media?parent=3516"}],"wp:term":[{"taxonomy":"product_cat","embeddable":true,"href":"https:\/\/glassheritagecentre.com\/de\/wp-json\/wp\/v2\/product_cat?post=3516"},{"taxonomy":"product_tag","embeddable":true,"href":"https:\/\/glassheritagecentre.com\/de\/wp-json\/wp\/v2\/product_tag?post=3516"}],"curies":[{"name":"wp","href":"https:\/\/api.w.org\/{rel}","templated":true}]}}