{"id":3515,"date":"2022-07-18T13:14:59","date_gmt":"2022-07-18T11:29:00","guid":{"rendered":"https:\/\/glassheritagecentre.com\/glasvase-paradiso\/"},"modified":"2022-07-18T13:29:02","modified_gmt":"2022-07-18T11:29:02","slug":"glasvase-paradiso","status":"publish","type":"product","link":"https:\/\/glassheritagecentre.com\/de\/glasvase-paradiso\/","title":{"rendered":"Glasvase Paradiso"},"content":{"rendered":"<p>Mit einer sch\u00f6nen Vase, die nicht nur als eleganter Aufbewahrungsort f\u00fcr die Blumen dient, sondern auch als perfektes Dekorationsst\u00fcck, k\u00f6nnen Sie Ihrer Liebsten eine aufmerksame Geste machen.  W\u00e4hlen Sie aus unserer gro\u00dfen Vielfalt an Stilen, Formen und Farben etwas aus, das perfekt zu Ihrer Wohnungseinrichtung passt.  Sie werden auch davon begeistert sein, wie praktisch unsere Glasvasen sind!<\/p>\n<p> Glas ist eines der am h\u00e4ufigsten verwendeten Materialien f\u00fcr Gef\u00e4\u00dfe.  Aber Glas ist nicht gleich Glas; unsere Vasen werden aus den hochwertigsten Materialien hergestellt.  W\u00e4hlen Sie die richtige Vase, die Ihre Lieblingsblumen oder andere dekorative Gegenst\u00e4nde sch\u00f6n zur Geltung bringt.  Erh\u00e4ltlich in vielen Formen, Gr\u00f6\u00dfen und Farben, versch\u00f6nert Ihre Glasvase von GHC die Welt mit ihrer Schlichtheit und Eleganz.  W\u00e4hlen Sie aus einer Vielzahl von Designs, um jedem Raum Pers\u00f6nlichkeit zu verleihen und gleichzeitig funktionale Anforderungen zu erf\u00fcllen!<\/p>\n","protected":false},"excerpt":{"rendered":"<p>L\u00e4nge: 12 cm<br \/>\nBreite: 12 cm<br \/>\nH\u00f6he: 28 cm<\/p>\n","protected":false},"featured_media":325,"template":"","meta":[],"product_cat":[205],"product_tag":[],"_links":{"self":[{"href":"https:\/\/glassheritagecentre.com\/de\/wp-json\/wp\/v2\/product\/3515"}],"collection":[{"href":"https:\/\/glassheritagecentre.com\/de\/wp-json\/wp\/v2\/product"}],"about":[{"href":"https:\/\/glassheritagecentre.com\/de\/wp-json\/wp\/v2\/types\/product"}],"wp:featuredmedia":[{"embeddable":true,"href":"https:\/\/glassheritagecentre.com\/de\/wp-json\/wp\/v2\/media\/325"}],"wp:attachment":[{"href":"https:\/\/glassheritagecentre.com\/de\/wp-json\/wp\/v2\/media?parent=3515"}],"wp:term":[{"taxonomy":"product_cat","embeddable":true,"href":"https:\/\/glassheritagecentre.com\/de\/wp-json\/wp\/v2\/product_cat?post=3515"},{"taxonomy":"product_tag","embeddable":true,"href":"https:\/\/glassheritagecentre.com\/de\/wp-json\/wp\/v2\/product_tag?post=3515"}],"curies":[{"name":"wp","href":"https:\/\/api.w.org\/{rel}","templated":true}]}}