{"id":3514,"date":"2022-07-18T13:14:59","date_gmt":"2022-07-18T11:29:00","guid":{"rendered":"https:\/\/glassheritagecentre.com\/glasfische-bianca\/"},"modified":"2022-07-18T13:29:02","modified_gmt":"2022-07-18T11:29:02","slug":"glasfische-bianca","status":"publish","type":"product","link":"https:\/\/glassheritagecentre.com\/de\/glasfische-bianca\/","title":{"rendered":"Glasfische Bianca"},"content":{"rendered":"<p>Dieser farbenfrohe Glasfisch ist ein echter Hingucker in Ihrem Zuhause.  Polnische Kunsthandwerker haben eine Rarit\u00e4t geschaffen, die nicht nur sch\u00f6n auf Ihrem Tisch aussehen wird, sondern auch noch weitere Vorteile hat, z.B. dass sie kein Blei enth\u00e4lt.<\/p>\n<p> Lassen Sie Ihre Tischdekoration und Ihren Stil mit einem unserer Glasfische einzigartig werden.  F\u00fcr jeden Anlass geeignet, bieten wir eine gro\u00dfe Auswahl an Gr\u00f6\u00dfen und Farben an, um sicher zu gehen, dass wir das perfekte St\u00fcck f\u00fcr Ihre Bed\u00fcrfnisse haben.<\/p>\n<p> Der Glasfisch ist eine elegante Darstellung des Lebens im Wasser.  Das subtile Funkeln in diesen St\u00fccken wird durch den Zusatz von Gold in der Glasschmelze erm\u00f6glicht und hebt sie von anderen Produkten auf dem Markt ab.  Seit \u00fcber 100 Jahren, seit der Gr\u00fcndung unseres Unternehmens, werden nur authentische polnische Designs und Techniken f\u00fcr die Herstellung dieser zeitlosen Produkte verwendet &#8211; so wird die Tradition bewahrt und die polnische Kreativit\u00e4t geehrt.<\/p>\n","protected":false},"excerpt":{"rendered":"<p>L\u00e4nge: 35 cm<br \/>\nBreite: 6 cm<br \/>\nH\u00f6he: 15 cm<\/p>\n","protected":false},"featured_media":316,"template":"","meta":[],"product_cat":[159,157,151,205],"product_tag":[],"_links":{"self":[{"href":"https:\/\/glassheritagecentre.com\/de\/wp-json\/wp\/v2\/product\/3514"}],"collection":[{"href":"https:\/\/glassheritagecentre.com\/de\/wp-json\/wp\/v2\/product"}],"about":[{"href":"https:\/\/glassheritagecentre.com\/de\/wp-json\/wp\/v2\/types\/product"}],"wp:featuredmedia":[{"embeddable":true,"href":"https:\/\/glassheritagecentre.com\/de\/wp-json\/wp\/v2\/media\/316"}],"wp:attachment":[{"href":"https:\/\/glassheritagecentre.com\/de\/wp-json\/wp\/v2\/media?parent=3514"}],"wp:term":[{"taxonomy":"product_cat","embeddable":true,"href":"https:\/\/glassheritagecentre.com\/de\/wp-json\/wp\/v2\/product_cat?post=3514"},{"taxonomy":"product_tag","embeddable":true,"href":"https:\/\/glassheritagecentre.com\/de\/wp-json\/wp\/v2\/product_tag?post=3514"}],"curies":[{"name":"wp","href":"https:\/\/api.w.org\/{rel}","templated":true}]}}