{"id":3513,"date":"2022-07-18T13:14:59","date_gmt":"2022-07-18T11:29:00","guid":{"rendered":"https:\/\/glassheritagecentre.com\/glasfische-macchia\/"},"modified":"2022-07-18T13:29:01","modified_gmt":"2022-07-18T11:29:01","slug":"glasfische-macchia","status":"publish","type":"product","link":"https:\/\/glassheritagecentre.com\/de\/glasfische-macchia\/","title":{"rendered":"Glasfische Macchia"},"content":{"rendered":"<p>Glasfische sind unter den Innenarchitekten und auch Ihre modischen Freunde in Mode.  Diese einzigartigen, handgefertigten Kunstwerke unterstreichen jeden Raum.  Lassen Sie sie sanft zwischen Wasserpflanzen und anderen Unterwasserlebewesen schwimmen, die die Kanten einer Tischplatte oder eines Schranks s\u00e4umen, um in jedem Raum eine nat\u00fcrliche, entspannte Atmosph\u00e4re zu schaffen.  Kann auch gerne Abstellraum vor Ort \u00fcber Halbfigur f\u00fcr Drama!  Unser Glass Centre bietet eine grosse Auswahl an Glasoptionen, die nur originell, aber auch aufwendig detailliert sind.  Als Element generieren Input einladenden Atem in Zahnersatz, Charme auf den Esstischen, Lizenzgeb\u00fchren Status von ihm Brennpunkt, k\u00f6nnen die G\u00e4ste einen Kuchen geniessen.<\/p>\n","protected":false},"excerpt":{"rendered":"<p>L\u00e4nge: 35 cm<br \/>\nBreite: 6 cm<br \/>\nH\u00f6he: 15 cm<\/p>\n","protected":false},"featured_media":307,"template":"","meta":[],"product_cat":[159,157,151,205],"product_tag":[],"_links":{"self":[{"href":"https:\/\/glassheritagecentre.com\/de\/wp-json\/wp\/v2\/product\/3513"}],"collection":[{"href":"https:\/\/glassheritagecentre.com\/de\/wp-json\/wp\/v2\/product"}],"about":[{"href":"https:\/\/glassheritagecentre.com\/de\/wp-json\/wp\/v2\/types\/product"}],"wp:featuredmedia":[{"embeddable":true,"href":"https:\/\/glassheritagecentre.com\/de\/wp-json\/wp\/v2\/media\/307"}],"wp:attachment":[{"href":"https:\/\/glassheritagecentre.com\/de\/wp-json\/wp\/v2\/media?parent=3513"}],"wp:term":[{"taxonomy":"product_cat","embeddable":true,"href":"https:\/\/glassheritagecentre.com\/de\/wp-json\/wp\/v2\/product_cat?post=3513"},{"taxonomy":"product_tag","embeddable":true,"href":"https:\/\/glassheritagecentre.com\/de\/wp-json\/wp\/v2\/product_tag?post=3513"}],"curies":[{"name":"wp","href":"https:\/\/api.w.org\/{rel}","templated":true}]}}