{"id":3512,"date":"2022-07-18T13:14:47","date_gmt":"2022-07-18T11:28:44","guid":{"rendered":"https:\/\/glassheritagecentre.com\/glasfische-sensi\/"},"modified":"2022-07-18T13:28:57","modified_gmt":"2022-07-18T11:28:57","slug":"glasfische-sensi","status":"publish","type":"product","link":"https:\/\/glassheritagecentre.com\/de\/glasfische-sensi\/","title":{"rendered":"Glasfische Sensi"},"content":{"rendered":"<p>Der handgefertigte Glasfisch, der in unserem Gesch\u00e4ft angeboten wird, ist ein Unikat, ein Unikat.  Wir bieten Modelle in verschiedenen Gr\u00f6ssen und Formen aus hochwertigem Glas, das sch\u00f6ne Muster erzeugt.  Die Farben, die in das Innere dieses einzigartigen Objekts eingebettet sind, schaffen eine Aura, die es unm\u00f6glich macht, nicht von seiner Sch\u00f6nheit und Einzigartigkeit verf\u00fchrt zu werden.  Unsere Firma besch\u00e4ftigt Fachleute, die auf handgefertigte Glaskunst spezialisiert sind; wir garantieren nur perfekte Designs jedes Mal, wenn Sie unser Produkt kaufen!<\/p>\n<p> Wir bieten eine Reihe von Glasfischprodukten an, weil diese Tiere im Gegensatz zu anderen Tieren \u00fcberall im Haus platziert werden k\u00f6nnen.  Alle Ihre Freunde werden Sie beneiden, wenn sie Sie mit diesem neuen, farbenfrohen Kunstwerk sehen, das Sch\u00f6nheit und Leben zu Ihrem Zuhause hinzuf\u00fcgen wird.  Niemand wird diese fantastische Erg\u00e4nzung f\u00fcr sein Regal, Tischplatte oder B\u00fcro vergessen, weil sie zu h\u00fcbsch ist!  Das ist das Einzige, was Menschen immer mehr brauchen: attraktive Einrichtung in jedem Raum.  Dank unseres grossen Sortiments sind wir sicher, dass Sie mit Ihrer Entscheidung, wo Sie Ihren neuen Buddy unterbringen wollen, zufrieden sein werden.<\/p>\n","protected":false},"excerpt":{"rendered":"<p>L\u00e4nge: 35 cm<br \/>\nBreite: 6 cm<br \/>\nH\u00f6he: 15 cm<\/p>\n","protected":false},"featured_media":298,"template":"","meta":[],"product_cat":[159,157,151,205],"product_tag":[],"_links":{"self":[{"href":"https:\/\/glassheritagecentre.com\/de\/wp-json\/wp\/v2\/product\/3512"}],"collection":[{"href":"https:\/\/glassheritagecentre.com\/de\/wp-json\/wp\/v2\/product"}],"about":[{"href":"https:\/\/glassheritagecentre.com\/de\/wp-json\/wp\/v2\/types\/product"}],"wp:featuredmedia":[{"embeddable":true,"href":"https:\/\/glassheritagecentre.com\/de\/wp-json\/wp\/v2\/media\/298"}],"wp:attachment":[{"href":"https:\/\/glassheritagecentre.com\/de\/wp-json\/wp\/v2\/media?parent=3512"}],"wp:term":[{"taxonomy":"product_cat","embeddable":true,"href":"https:\/\/glassheritagecentre.com\/de\/wp-json\/wp\/v2\/product_cat?post=3512"},{"taxonomy":"product_tag","embeddable":true,"href":"https:\/\/glassheritagecentre.com\/de\/wp-json\/wp\/v2\/product_tag?post=3512"}],"curies":[{"name":"wp","href":"https:\/\/api.w.org\/{rel}","templated":true}]}}