{"id":3511,"date":"2022-07-18T13:14:47","date_gmt":"2022-07-18T11:28:44","guid":{"rendered":"https:\/\/glassheritagecentre.com\/glasfische-punti\/"},"modified":"2022-07-18T13:28:57","modified_gmt":"2022-07-18T11:28:57","slug":"glasfische-punti","status":"publish","type":"product","link":"https:\/\/glassheritagecentre.com\/de\/glasfische-punti\/","title":{"rendered":"Glasfische Punti"},"content":{"rendered":"<p>Diese handgefertigten Glasfische sind handgemalt in satten, lebendigen Farben mit Mustern, die an die landess\u00fcblichen Webtechniken erinnern.  Die Gestaltungsm\u00f6glichkeiten sind grenzenlos, wenn Sie mit diesen limitierten St\u00fcckchen zu Hause Ihr eigenes einzigartiges Glas-Meisterwerk kreieren.  F\u00fcgen Sie Farbe zu Ihrem Kamin Kaminsims, h\u00f6lzerne Kommode oben oder Wohnzimmertisch f\u00fcr einen Hauch von Luxus ury und phantasievollen Stil.  Legen Sie es auf Ihrem Schreibtisch f\u00fcr einen sofortigen Ausbruch von gl\u00e4nzender Pers\u00f6nlichkeit!<\/p>\n<p>Gibt es hier eine lebhaftere Farbpalette?  Dieses auff\u00e4llige Vintage-Glas ist eine einfache M\u00f6glichkeit, das perfekte Herzst\u00fcck f\u00fcr Ihr Zuhause zu finden.  Lassen Sie jeden Raum mit dem Gl\u00fcck und den Erinnerungen der reichen Kultur Europas lebendig werden.  Wenn Sie eine besondere Person begeistern m\u00f6chten, k\u00f6nnen Sie etwas Einzigartigeres als ein handgefertigtes Akzentst\u00fcck verlangen, das in Polen von den Meistern des The Glass Heritage Centre hergestellt wurde?<\/p>\n","protected":false},"excerpt":{"rendered":"<p>L\u00e4nge: 30 cm<br \/>\nBreite: 6 cm<br \/>\nH\u00f6he: 15 cm<\/p>\n","protected":false},"featured_media":289,"template":"","meta":[],"product_cat":[159,157,151,205],"product_tag":[],"_links":{"self":[{"href":"https:\/\/glassheritagecentre.com\/de\/wp-json\/wp\/v2\/product\/3511"}],"collection":[{"href":"https:\/\/glassheritagecentre.com\/de\/wp-json\/wp\/v2\/product"}],"about":[{"href":"https:\/\/glassheritagecentre.com\/de\/wp-json\/wp\/v2\/types\/product"}],"wp:featuredmedia":[{"embeddable":true,"href":"https:\/\/glassheritagecentre.com\/de\/wp-json\/wp\/v2\/media\/289"}],"wp:attachment":[{"href":"https:\/\/glassheritagecentre.com\/de\/wp-json\/wp\/v2\/media?parent=3511"}],"wp:term":[{"taxonomy":"product_cat","embeddable":true,"href":"https:\/\/glassheritagecentre.com\/de\/wp-json\/wp\/v2\/product_cat?post=3511"},{"taxonomy":"product_tag","embeddable":true,"href":"https:\/\/glassheritagecentre.com\/de\/wp-json\/wp\/v2\/product_tag?post=3511"}],"curies":[{"name":"wp","href":"https:\/\/api.w.org\/{rel}","templated":true}]}}