{"id":3510,"date":"2022-07-18T13:14:47","date_gmt":"2022-07-18T11:28:44","guid":{"rendered":"https:\/\/glassheritagecentre.com\/glas-eule-saggezza\/"},"modified":"2022-07-18T13:28:56","modified_gmt":"2022-07-18T11:28:56","slug":"glas-eule-saggezza","status":"publish","type":"product","link":"https:\/\/glassheritagecentre.com\/de\/glas-eule-saggezza\/","title":{"rendered":"Glas Eule Saggezza"},"content":{"rendered":"<p>Glass Owl ist eine Dekoration, die aus farbigem Glas hergestellt ist, um eine Eule zu \u00e4hneln.  Die Einzigartigkeit des Designs macht es zu einem sch\u00f6nen dekorativen Akzent auf Ihrem Schreibtisch bei der Arbeit, aber Sie k\u00f6nnen es auch im Wohnzimmer geniessen, wenn Sie etwas Sch\u00f6nes und Subtiles zum Anschauen brauchen, w\u00e4hrend Sie sich entspannen.  Jedes Detail dieses Produktes wurde meisterhaft verfeinert, um maximale Wirkung zu erzielen.  Mit diesen fein gearbeiteten Figuren von Glass Heritage Centre verdienen Sie ein Fest f\u00fcr Augen und Herz!<\/p>\n<p> The Glass Heritage Centre ist ein grosses Produktionsunternehmen, das sich auf die Herstellung und den Verkauf von Glasprodukten spezialisiert hat.  Diese Artikel werden aus sorgf\u00e4ltig ausgew\u00e4hlten Materialien hergestellt, wobei jedes Detail sorgf\u00e4ltig gepflegt wird \u2013 eine Arbeit, die Harmonie und Ausgewogenheit zwischen Funktionalit\u00e4t, Ergonomie und \u00c4sthetik ber\u00fccksichtigt.  Deshalb stellen sie dank ihrer Vielseitigkeit, Originalit\u00e4t und Qualit\u00e4t eine so optimale L\u00f6sung f\u00fcr jedes Zuhause dar.<\/p>\n<p> Eine klassische Glas-Eule auf Ihrem Schreibtisch sorgt f\u00fcr einen Hauch von Kreativit\u00e4t gemischt mit traditioneller Sch\u00f6nheit!<\/p>\n","protected":false},"excerpt":{"rendered":"<p>L\u00e4nge: 4 cm<br \/>\nBreite: 15 cm<br \/>\nH\u00f6he: 22 cm<\/p>\n","protected":false},"featured_media":280,"template":"","meta":[],"product_cat":[159,151,153,205],"product_tag":[],"_links":{"self":[{"href":"https:\/\/glassheritagecentre.com\/de\/wp-json\/wp\/v2\/product\/3510"}],"collection":[{"href":"https:\/\/glassheritagecentre.com\/de\/wp-json\/wp\/v2\/product"}],"about":[{"href":"https:\/\/glassheritagecentre.com\/de\/wp-json\/wp\/v2\/types\/product"}],"wp:featuredmedia":[{"embeddable":true,"href":"https:\/\/glassheritagecentre.com\/de\/wp-json\/wp\/v2\/media\/280"}],"wp:attachment":[{"href":"https:\/\/glassheritagecentre.com\/de\/wp-json\/wp\/v2\/media?parent=3510"}],"wp:term":[{"taxonomy":"product_cat","embeddable":true,"href":"https:\/\/glassheritagecentre.com\/de\/wp-json\/wp\/v2\/product_cat?post=3510"},{"taxonomy":"product_tag","embeddable":true,"href":"https:\/\/glassheritagecentre.com\/de\/wp-json\/wp\/v2\/product_tag?post=3510"}],"curies":[{"name":"wp","href":"https:\/\/api.w.org\/{rel}","templated":true}]}}