{"id":3507,"date":"2022-07-18T13:14:47","date_gmt":"2022-07-18T11:28:44","guid":{"rendered":"https:\/\/glassheritagecentre.com\/glas-weihnachtsmann-santa\/"},"modified":"2022-07-18T13:28:54","modified_gmt":"2022-07-18T11:28:54","slug":"glas-weihnachtsmann-santa","status":"publish","type":"product","link":"https:\/\/glassheritagecentre.com\/de\/glas-weihnachtsmann-santa\/","title":{"rendered":"Glas Weihnachtsmann Santa"},"content":{"rendered":"<p>Silberglas schimmert mit der Sch\u00f6nheit der Ferienstimmung.   Handgefertigte Glasfiguren polnischer K\u00fcnstler f\u00fcr Heim- und Tischdekoration oder als Geschenk f\u00fcr Lieben in dieser Saison.   Leuchten Sie den Raum mit dem freudigen Schrei des Glas Weihnachtsmannes!   In festlichem Rot gekleidet, ist es handgefertigt aus hochwertigem Glas und sitzt auf einem geschliffenen und polierten Sockel f\u00fcr Stabilit\u00e4t.   Dekorieren Sie Ihr Zuhause zu Weihnachten oder schenken Sie jemandem dieses kleine gl\u00e4nzende Heilige als ein nachdenkliches Geschenk!<\/p>\n","protected":false},"excerpt":{"rendered":"<p>L\u00e4nge: 12 cm<br \/>\nBreite: 2 cm<br \/>\nH\u00f6he: 34 cm<\/p>\n","protected":false},"featured_media":256,"template":"","meta":[],"product_cat":[147,141],"product_tag":[],"_links":{"self":[{"href":"https:\/\/glassheritagecentre.com\/de\/wp-json\/wp\/v2\/product\/3507"}],"collection":[{"href":"https:\/\/glassheritagecentre.com\/de\/wp-json\/wp\/v2\/product"}],"about":[{"href":"https:\/\/glassheritagecentre.com\/de\/wp-json\/wp\/v2\/types\/product"}],"wp:featuredmedia":[{"embeddable":true,"href":"https:\/\/glassheritagecentre.com\/de\/wp-json\/wp\/v2\/media\/256"}],"wp:attachment":[{"href":"https:\/\/glassheritagecentre.com\/de\/wp-json\/wp\/v2\/media?parent=3507"}],"wp:term":[{"taxonomy":"product_cat","embeddable":true,"href":"https:\/\/glassheritagecentre.com\/de\/wp-json\/wp\/v2\/product_cat?post=3507"},{"taxonomy":"product_tag","embeddable":true,"href":"https:\/\/glassheritagecentre.com\/de\/wp-json\/wp\/v2\/product_tag?post=3507"}],"curies":[{"name":"wp","href":"https:\/\/api.w.org\/{rel}","templated":true}]}}