{"id":3505,"date":"2022-07-18T13:14:47","date_gmt":"2022-07-18T11:28:44","guid":{"rendered":"https:\/\/glassheritagecentre.com\/glasfigur-puella\/"},"modified":"2022-07-18T13:28:53","modified_gmt":"2022-07-18T11:28:53","slug":"glasfigur-puella","status":"publish","type":"product","link":"https:\/\/glassheritagecentre.com\/de\/glasfigur-puella\/","title":{"rendered":"Glasfigur Puella"},"content":{"rendered":"<p>Kunstexperte und Fotograf  Hector Werios schuf ein Set fantastischer Glasfiguren, die er phantasievoll &#8222;Singularitate&#8220; nannte.   In dieser ungew\u00f6hnlichen Werkansammlung f\u00e4ngt Hector eine Reihe von mythischen Wesen ein, von denen jedes noch bezaubernder ist als das letzte \u2013 die Charaktere scheinen direkt aus einem M\u00e4rchen-Gothic-Roman entnommen zu sein!   Und f\u00fcr alle, die mit ihren Dekorationsgegenst\u00e4nden Spass haben, sorgen diese \u00e4therischen Kreaturen daf\u00fcr, dass Ihr Zuhause oder B\u00fcro spektakul\u00e4r malerisch aussieht.<\/p>\n<p>  Dieses perfekte Kunstwerk ist wie ein Mann geformt und hat aufwendige Details, die es absolut zeitlos machen.   Damit Sie Ihr Zuhause dekorieren oder verschenken k\u00f6nnen, wird diese Figur sicherlich f\u00fcr kommende Generationen bewundert werden.<\/p>\n","protected":false},"excerpt":{"rendered":"<p>L\u00e4nge: 17 cm<br \/>\nBreite: 4 cm<br \/>\nH\u00f6he: 15 cm<\/p>\n","protected":false},"featured_media":226,"template":"","meta":[],"product_cat":[165,159,205],"product_tag":[],"_links":{"self":[{"href":"https:\/\/glassheritagecentre.com\/de\/wp-json\/wp\/v2\/product\/3505"}],"collection":[{"href":"https:\/\/glassheritagecentre.com\/de\/wp-json\/wp\/v2\/product"}],"about":[{"href":"https:\/\/glassheritagecentre.com\/de\/wp-json\/wp\/v2\/types\/product"}],"wp:featuredmedia":[{"embeddable":true,"href":"https:\/\/glassheritagecentre.com\/de\/wp-json\/wp\/v2\/media\/226"}],"wp:attachment":[{"href":"https:\/\/glassheritagecentre.com\/de\/wp-json\/wp\/v2\/media?parent=3505"}],"wp:term":[{"taxonomy":"product_cat","embeddable":true,"href":"https:\/\/glassheritagecentre.com\/de\/wp-json\/wp\/v2\/product_cat?post=3505"},{"taxonomy":"product_tag","embeddable":true,"href":"https:\/\/glassheritagecentre.com\/de\/wp-json\/wp\/v2\/product_tag?post=3505"}],"curies":[{"name":"wp","href":"https:\/\/api.w.org\/{rel}","templated":true}]}}