{"id":3504,"date":"2022-07-18T13:14:47","date_gmt":"2022-07-18T11:28:44","guid":{"rendered":"https:\/\/glassheritagecentre.com\/glastaucher\/"},"modified":"2022-07-18T13:28:52","modified_gmt":"2022-07-18T11:28:52","slug":"glastaucher","status":"publish","type":"product","link":"https:\/\/glassheritagecentre.com\/de\/glastaucher\/","title":{"rendered":"Glastaucher"},"content":{"rendered":"<p>Glasfigur aus der Sammlung des Glass Heritage Centre, die Berufe und Berufe pr\u00e4sentiert.   Ideal als Geschenk oder Dekoration f\u00fcr Ihr Zuhause.   Hergestellt aus mundgeblasenem Kunstglas mit lebendigen Farben verziert, sind diese Figuren sicher, auch den anspruchsvollsten Sammler zu gefallen.   Das Echtheitszertifikat wird auch jedem Werk renommierter polnischer K\u00fcnstler beigef\u00fcgt, die in Polen als Sch\u00f6pfer hochwertiger Werke anerkannt sind.   Sie werden toll aussehen, wohin sie gehen!<\/p>\n","protected":false},"excerpt":{"rendered":"<p>L\u00e4nge: 15 cm<br \/>\nBreite: 15 cm<br \/>\nH\u00f6he: 6 cm<\/p>\n","protected":false},"featured_media":202,"template":"","meta":[],"product_cat":[165,159,205],"product_tag":[],"_links":{"self":[{"href":"https:\/\/glassheritagecentre.com\/de\/wp-json\/wp\/v2\/product\/3504"}],"collection":[{"href":"https:\/\/glassheritagecentre.com\/de\/wp-json\/wp\/v2\/product"}],"about":[{"href":"https:\/\/glassheritagecentre.com\/de\/wp-json\/wp\/v2\/types\/product"}],"wp:featuredmedia":[{"embeddable":true,"href":"https:\/\/glassheritagecentre.com\/de\/wp-json\/wp\/v2\/media\/202"}],"wp:attachment":[{"href":"https:\/\/glassheritagecentre.com\/de\/wp-json\/wp\/v2\/media?parent=3504"}],"wp:term":[{"taxonomy":"product_cat","embeddable":true,"href":"https:\/\/glassheritagecentre.com\/de\/wp-json\/wp\/v2\/product_cat?post=3504"},{"taxonomy":"product_tag","embeddable":true,"href":"https:\/\/glassheritagecentre.com\/de\/wp-json\/wp\/v2\/product_tag?post=3504"}],"curies":[{"name":"wp","href":"https:\/\/api.w.org\/{rel}","templated":true}]}}