{"id":3502,"date":"2022-07-18T13:14:47","date_gmt":"2022-07-18T11:28:44","guid":{"rendered":"https:\/\/glassheritagecentre.com\/glasfigur-harpia\/"},"modified":"2022-07-18T13:28:51","modified_gmt":"2022-07-18T11:28:51","slug":"glasfigur-harpia","status":"publish","type":"product","link":"https:\/\/glassheritagecentre.com\/de\/glasfigur-harpia\/","title":{"rendered":"Glasfigur Harpia"},"content":{"rendered":"<p>Was diese handgefertigte Glasfigur auszeichnet, ist die Geschichte dahinter; sie wurde nach den Werken des weltbekannten K\u00fcnstlers und Fotografen Hektor Werios geschaffen.   Es gibt nicht viele Kunstwerke, die mit einem eigenen Echtheitszertifikat geschaffen werden k\u00f6nnen, aber dieses hier schon!   Jede ikonische Szene f\u00e4ngt sowohl einen Hauch von m\u00e4rchenhafter Magie mit grotesken Horror gemischt.   Diese ikonische Skulptur, inspiriert von Verios Galerie, wird auf Ihrem Schreibtisch oder B\u00fccherregal auf Jahre hinaus sensationell aussehen.   Es ist sehr einzigartig und wird eine grossartige Erg\u00e4nzung zu jeder Kollektion sein.<\/p>\n","protected":false},"excerpt":{"rendered":"<p>L\u00e4nge: 12 cm<br \/>\nBreite: 6 cm<br \/>\nH\u00f6he: 17 cm<\/p>\n","protected":false},"featured_media":148,"template":"","meta":[],"product_cat":[165,159,205],"product_tag":[],"_links":{"self":[{"href":"https:\/\/glassheritagecentre.com\/de\/wp-json\/wp\/v2\/product\/3502"}],"collection":[{"href":"https:\/\/glassheritagecentre.com\/de\/wp-json\/wp\/v2\/product"}],"about":[{"href":"https:\/\/glassheritagecentre.com\/de\/wp-json\/wp\/v2\/types\/product"}],"wp:featuredmedia":[{"embeddable":true,"href":"https:\/\/glassheritagecentre.com\/de\/wp-json\/wp\/v2\/media\/148"}],"wp:attachment":[{"href":"https:\/\/glassheritagecentre.com\/de\/wp-json\/wp\/v2\/media?parent=3502"}],"wp:term":[{"taxonomy":"product_cat","embeddable":true,"href":"https:\/\/glassheritagecentre.com\/de\/wp-json\/wp\/v2\/product_cat?post=3502"},{"taxonomy":"product_tag","embeddable":true,"href":"https:\/\/glassheritagecentre.com\/de\/wp-json\/wp\/v2\/product_tag?post=3502"}],"curies":[{"name":"wp","href":"https:\/\/api.w.org\/{rel}","templated":true}]}}