{"id":3501,"date":"2022-07-18T13:14:47","date_gmt":"2022-07-18T11:28:44","guid":{"rendered":"https:\/\/glassheritagecentre.com\/glasfigur-lami\/"},"modified":"2022-07-18T13:28:50","modified_gmt":"2022-07-18T11:28:50","slug":"glasfigur-lami","status":"publish","type":"product","link":"https:\/\/glassheritagecentre.com\/de\/glasfigur-lami\/","title":{"rendered":"Glasfigur Lami"},"content":{"rendered":"<p>Heben Sie sich mit diesem einzigartigen Set von seltenen, handgefertigten Glasfiguren von der Masse ab.   Phantasievoll  ein ausgefallenes, charmantes Kunstwerk, das Sie in der Mitte Ihres Hauses bewundern werden?   Das einzigartige Design bildet einen unwiderstehlichen Mittelpunkt f\u00fcr alle, die eintreten!<\/p>\n<p>  Diese handgefertigten Glasfiguren sind von den Werken des weltbekannten K\u00fcnstlers, Handwerker und Fotografen Hector Verios inspiriert.   Seine Werke verbinden auf surrealistische Weise m\u00e4rchenhafte Atmosph\u00e4re mit Horrorphantasie.   Sie werden mit einem individuellen Echtheitszertifikat und allen anderen Materialien, die ihre Herkunft angeben, ausgeliehen.<\/p>\n","protected":false},"excerpt":{"rendered":"<p>L\u00e4nge: 14 cm<br \/>\nBreite: 7 cm<br \/>\nH\u00f6he: 14 cm<\/p>\n","protected":false},"featured_media":139,"template":"","meta":[],"product_cat":[165,159,205],"product_tag":[],"_links":{"self":[{"href":"https:\/\/glassheritagecentre.com\/de\/wp-json\/wp\/v2\/product\/3501"}],"collection":[{"href":"https:\/\/glassheritagecentre.com\/de\/wp-json\/wp\/v2\/product"}],"about":[{"href":"https:\/\/glassheritagecentre.com\/de\/wp-json\/wp\/v2\/types\/product"}],"wp:featuredmedia":[{"embeddable":true,"href":"https:\/\/glassheritagecentre.com\/de\/wp-json\/wp\/v2\/media\/139"}],"wp:attachment":[{"href":"https:\/\/glassheritagecentre.com\/de\/wp-json\/wp\/v2\/media?parent=3501"}],"wp:term":[{"taxonomy":"product_cat","embeddable":true,"href":"https:\/\/glassheritagecentre.com\/de\/wp-json\/wp\/v2\/product_cat?post=3501"},{"taxonomy":"product_tag","embeddable":true,"href":"https:\/\/glassheritagecentre.com\/de\/wp-json\/wp\/v2\/product_tag?post=3501"}],"curies":[{"name":"wp","href":"https:\/\/api.w.org\/{rel}","templated":true}]}}