{"id":3500,"date":"2022-07-18T13:14:47","date_gmt":"2022-07-18T11:28:44","guid":{"rendered":"https:\/\/glassheritagecentre.com\/glasfigur-ran\/"},"modified":"2022-07-18T13:28:49","modified_gmt":"2022-07-18T11:28:49","slug":"glasfigur-ran","status":"publish","type":"product","link":"https:\/\/glassheritagecentre.com\/de\/glasfigur-ran\/","title":{"rendered":"Glasfigur Ran"},"content":{"rendered":"<p>Dies ist eine handgefertigte Glasfigur, inspiriert von den faszinierenden Werken von Hector Verios.   Er ist bekannt f\u00fcr seine F\u00e4higkeit, m\u00e4rchenhafte Bilder mit Alptr\u00e4umen, Surrealismus und ausserirdischen Umgebungen zu verbinden.   Dieses St\u00fcck wird mit einem eigenen Echtheitszertifikat geliefert, das eine Identifikationsnummer enth\u00e4lt, die nur dem jeweiligen Modell\/der jeweiligen Version zugeordnet ist.<\/p>\n<p>  Hier ist eine einzigartige Glasfigur, handgefertigt von professionellen K\u00fcnstlern.   Sammlerst\u00fccke sind selten, daher sind nur begrenzte Mengen verf\u00fcgbar.   Diese Glasfigur kommt mit einem eigenen Echtheitszertifikat und kann \u00fcberall in Ihrem Haus oder B\u00fcro angezeigt werden, um Ihr Gef\u00fchl f\u00fcr Stil zu zeigen.<\/p>\n","protected":false},"excerpt":{"rendered":"<p>L\u00e4nge: 14 cm<br \/>\nBreite: 6 cm<br \/>\nH\u00f6he: 15 cm<\/p>\n","protected":false},"featured_media":130,"template":"","meta":[],"product_cat":[165,159,205],"product_tag":[],"_links":{"self":[{"href":"https:\/\/glassheritagecentre.com\/de\/wp-json\/wp\/v2\/product\/3500"}],"collection":[{"href":"https:\/\/glassheritagecentre.com\/de\/wp-json\/wp\/v2\/product"}],"about":[{"href":"https:\/\/glassheritagecentre.com\/de\/wp-json\/wp\/v2\/types\/product"}],"wp:featuredmedia":[{"embeddable":true,"href":"https:\/\/glassheritagecentre.com\/de\/wp-json\/wp\/v2\/media\/130"}],"wp:attachment":[{"href":"https:\/\/glassheritagecentre.com\/de\/wp-json\/wp\/v2\/media?parent=3500"}],"wp:term":[{"taxonomy":"product_cat","embeddable":true,"href":"https:\/\/glassheritagecentre.com\/de\/wp-json\/wp\/v2\/product_cat?post=3500"},{"taxonomy":"product_tag","embeddable":true,"href":"https:\/\/glassheritagecentre.com\/de\/wp-json\/wp\/v2\/product_tag?post=3500"}],"curies":[{"name":"wp","href":"https:\/\/api.w.org\/{rel}","templated":true}]}}