{"id":3499,"date":"2022-07-18T13:14:47","date_gmt":"2022-07-18T11:28:44","guid":{"rendered":"https:\/\/glassheritagecentre.com\/glasvoegel-tropicana\/"},"modified":"2022-07-18T13:28:49","modified_gmt":"2022-07-18T11:28:49","slug":"glasvoegel-tropicana","status":"publish","type":"product","link":"https:\/\/glassheritagecentre.com\/de\/glasvoegel-tropicana\/","title":{"rendered":"Glasv\u00f6gel Tropicana"},"content":{"rendered":"<p>Unsere entz\u00fcckenden Glaspapageien sind perfekte Geschenke f\u00fcr Tierliebhaber.   Erh\u00e4ltlich in drei verschiedenen Farben, ist dieses aufwendige Design aus mundgeblasenem Glas unsere Signaturfigur, die als Idee f\u00fcr jeden verwendet werden kann, der ein wenig \u00abBoutique\u00bb in sein Zuhause oder Arbeitsplatz einf\u00fchren m\u00f6chte.<\/p>\n<p>  Diese wundersch\u00f6n gestalteten V\u00f6gel passen in jedes Schlafzimmer Dekor und bietet lebendige Farben und unvergleichliche Detail. <\/p>\n<p>  Wer liebt keine Tiere?   Unsere dekorativen Figuren fangen die subtilen Farben und Details jedes Tieres ein, sodass Sie ihre Form sch\u00e4tzen oder sie einfach als Dekoration bewundern k\u00f6nnen.   Papageien, L\u00f6wen, Flederm\u00e4use \u2013 das Angebot ist riesig!   W\u00e4hlen Sie Ihr Lieblingstier, um die perfekte Wohnkultur Idee zu schaffen.<\/p>\n","protected":false},"excerpt":{"rendered":"<p>L\u00e4nge: 14 cm<br \/>\nBreite: 5 cm<br \/>\nH\u00f6he: 17 cm<\/p>\n","protected":false},"featured_media":106,"template":"","meta":[],"product_cat":[159,151,153,205],"product_tag":[],"_links":{"self":[{"href":"https:\/\/glassheritagecentre.com\/de\/wp-json\/wp\/v2\/product\/3499"}],"collection":[{"href":"https:\/\/glassheritagecentre.com\/de\/wp-json\/wp\/v2\/product"}],"about":[{"href":"https:\/\/glassheritagecentre.com\/de\/wp-json\/wp\/v2\/types\/product"}],"wp:featuredmedia":[{"embeddable":true,"href":"https:\/\/glassheritagecentre.com\/de\/wp-json\/wp\/v2\/media\/106"}],"wp:attachment":[{"href":"https:\/\/glassheritagecentre.com\/de\/wp-json\/wp\/v2\/media?parent=3499"}],"wp:term":[{"taxonomy":"product_cat","embeddable":true,"href":"https:\/\/glassheritagecentre.com\/de\/wp-json\/wp\/v2\/product_cat?post=3499"},{"taxonomy":"product_tag","embeddable":true,"href":"https:\/\/glassheritagecentre.com\/de\/wp-json\/wp\/v2\/product_tag?post=3499"}],"curies":[{"name":"wp","href":"https:\/\/api.w.org\/{rel}","templated":true}]}}