{"id":3498,"date":"2022-07-18T13:14:47","date_gmt":"2022-07-18T11:28:44","guid":{"rendered":"https:\/\/glassheritagecentre.com\/glasfrosch-bridget\/"},"modified":"2022-07-18T13:28:48","modified_gmt":"2022-07-18T11:28:48","slug":"glasfrosch-bridget","status":"publish","type":"product","link":"https:\/\/glassheritagecentre.com\/de\/glasfrosch-bridget\/","title":{"rendered":"Glasfrosch Bridget"},"content":{"rendered":"<p>Handgefertigte Glastierfiguren von GHC<\/p>\n<p>Jede Figur ist ein einzigartiges Meisterwerk. Werden Sie zum Tierliebhaber und entfesseln Sie Ihre Kreativit\u00e4t mit unserer handgefertigten Kunst auf Glas Kollektion!<\/p>\n<p>Ihr Schreibtisch braucht etwas Farbe? Unsere Glasfr\u00f6sche sind voll von Leben und allen m\u00f6glichen Mustern. Ihnen wird nie langweilig werden! Sie haben die perfekte Gr\u00f6\u00dfe, um auf jedem Schreibtisch Platz zu finden, und sorgen f\u00fcr Spa\u00df bei der Arbeit!<\/p>\n","protected":false},"excerpt":{"rendered":"<p>L\u00e4nge: 8 cm<br \/>\nBreite: 4 cm<br \/>\nH\u00f6he: 18 cm<\/p>\n","protected":false},"featured_media":97,"template":"","meta":[],"product_cat":[159,151,205],"product_tag":[],"_links":{"self":[{"href":"https:\/\/glassheritagecentre.com\/de\/wp-json\/wp\/v2\/product\/3498"}],"collection":[{"href":"https:\/\/glassheritagecentre.com\/de\/wp-json\/wp\/v2\/product"}],"about":[{"href":"https:\/\/glassheritagecentre.com\/de\/wp-json\/wp\/v2\/types\/product"}],"wp:featuredmedia":[{"embeddable":true,"href":"https:\/\/glassheritagecentre.com\/de\/wp-json\/wp\/v2\/media\/97"}],"wp:attachment":[{"href":"https:\/\/glassheritagecentre.com\/de\/wp-json\/wp\/v2\/media?parent=3498"}],"wp:term":[{"taxonomy":"product_cat","embeddable":true,"href":"https:\/\/glassheritagecentre.com\/de\/wp-json\/wp\/v2\/product_cat?post=3498"},{"taxonomy":"product_tag","embeddable":true,"href":"https:\/\/glassheritagecentre.com\/de\/wp-json\/wp\/v2\/product_tag?post=3498"}],"curies":[{"name":"wp","href":"https:\/\/api.w.org\/{rel}","templated":true}]}}