{"id":3497,"date":"2022-07-18T13:14:47","date_gmt":"2022-07-18T11:28:44","guid":{"rendered":"https:\/\/glassheritagecentre.com\/glasmaske-due-facce\/"},"modified":"2022-07-18T13:28:47","modified_gmt":"2022-07-18T11:28:47","slug":"glasmaske-due-facce","status":"publish","type":"product","link":"https:\/\/glassheritagecentre.com\/de\/glasmaske-due-facce\/","title":{"rendered":"Glasmaske Due facce"},"content":{"rendered":"<p>Diese handgefertigte Glasmaske wird von zwei K\u00fcnstlern hergestellt.   Ersterer nutzte die Fusing-Methode, um seine einzigartige Form zu schaffen, w\u00e4hrend letzterer sein Design aufwendig handbemalt.   Was auch immer Ihr Geschmack an Sch\u00f6nheit ist \u2013 dieses exquisite St\u00fcck kann ein toller Akzent f\u00fcr alle Ihre Dekorationen sein oder ein interessantes Geschenk machen.   Dieses gut gestaltete Produkt bringt Stil und Sch\u00f6nheit in jedes Haus; es ist elegant, zart, stilvoll und einzigartig!<\/p>\n<p>  Die Maske ist ein einzigartiges und wundersch\u00f6nes Einzelteil.   Es wird ein perfektes Geschenk f\u00fcr eine Person mit einem Sinn f\u00fcr Stil und Individualit\u00e4t sein.<\/p>\n","protected":false},"excerpt":{"rendered":"<p>L\u00e4nge: 18 cm<br \/>\nBreite: 5 cm<br \/>\nH\u00f6he: 20 cm<\/p>\n","protected":false},"featured_media":88,"template":"","meta":[],"product_cat":[159,173,205],"product_tag":[],"_links":{"self":[{"href":"https:\/\/glassheritagecentre.com\/de\/wp-json\/wp\/v2\/product\/3497"}],"collection":[{"href":"https:\/\/glassheritagecentre.com\/de\/wp-json\/wp\/v2\/product"}],"about":[{"href":"https:\/\/glassheritagecentre.com\/de\/wp-json\/wp\/v2\/types\/product"}],"wp:featuredmedia":[{"embeddable":true,"href":"https:\/\/glassheritagecentre.com\/de\/wp-json\/wp\/v2\/media\/88"}],"wp:attachment":[{"href":"https:\/\/glassheritagecentre.com\/de\/wp-json\/wp\/v2\/media?parent=3497"}],"wp:term":[{"taxonomy":"product_cat","embeddable":true,"href":"https:\/\/glassheritagecentre.com\/de\/wp-json\/wp\/v2\/product_cat?post=3497"},{"taxonomy":"product_tag","embeddable":true,"href":"https:\/\/glassheritagecentre.com\/de\/wp-json\/wp\/v2\/product_tag?post=3497"}],"curies":[{"name":"wp","href":"https:\/\/api.w.org\/{rel}","templated":true}]}}