{"id":3496,"date":"2022-07-18T13:14:47","date_gmt":"2022-07-18T11:28:44","guid":{"rendered":"https:\/\/glassheritagecentre.com\/glasmaske-mucca\/"},"modified":"2022-07-18T13:28:47","modified_gmt":"2022-07-18T11:28:47","slug":"glasmaske-mucca","status":"publish","type":"product","link":"https:\/\/glassheritagecentre.com\/de\/glasmaske-mucca\/","title":{"rendered":"Glasmaske Mucca"},"content":{"rendered":"<p>Das Design der venezianischen Glasmaske besticht.   Die Details und die Tiefe seiner Farben werden Sie stundenlang mit seiner \u00e4therischen Sch\u00f6nheit verzaubern und jeden begeistern, der ihm begegnet.   Unsere Glasmasken beweisen, dass es sich lohnt, in dieses handgefertigte St\u00fcck zu investieren. Hinter jedem Museumsst\u00fcck steht ein Meisterhandwerker, der sich ebenso intensiv mit den Feinheiten auseinandergesetzt hat wie seine Zeit und Energie in die Herstellung investiert hat.   Das hilft schon, selbst die anspruchsvollsten Kunden zufrieden zu stellen.   Dieses handgefertigte St\u00fcck wurde von zwei verschiedenen K\u00fcnstlern geschaffen (der erste formte seine Form mit Fusing-Techniken und der zweite f\u00fcgte handwerkliche Akzente hinzu).<\/p>\n<p>  Diese handgefertigte Glasmaske, die von zwei K\u00fcnstlern bearbeitet wurde, ist ein elegantes Geschenk oder eine wichtige Erg\u00e4nzung zu Ihrer Sammlung.   Es wird auch an Ihrer Wand toll aussehen.<\/p>\n","protected":false},"excerpt":{"rendered":"<p>L\u00e4nge: 18 cm<br \/>\nBreite: 5 cm<br \/>\nH\u00f6he: 20 cm<\/p>\n","protected":false},"featured_media":79,"template":"","meta":[],"product_cat":[159,173,205],"product_tag":[],"_links":{"self":[{"href":"https:\/\/glassheritagecentre.com\/de\/wp-json\/wp\/v2\/product\/3496"}],"collection":[{"href":"https:\/\/glassheritagecentre.com\/de\/wp-json\/wp\/v2\/product"}],"about":[{"href":"https:\/\/glassheritagecentre.com\/de\/wp-json\/wp\/v2\/types\/product"}],"wp:featuredmedia":[{"embeddable":true,"href":"https:\/\/glassheritagecentre.com\/de\/wp-json\/wp\/v2\/media\/79"}],"wp:attachment":[{"href":"https:\/\/glassheritagecentre.com\/de\/wp-json\/wp\/v2\/media?parent=3496"}],"wp:term":[{"taxonomy":"product_cat","embeddable":true,"href":"https:\/\/glassheritagecentre.com\/de\/wp-json\/wp\/v2\/product_cat?post=3496"},{"taxonomy":"product_tag","embeddable":true,"href":"https:\/\/glassheritagecentre.com\/de\/wp-json\/wp\/v2\/product_tag?post=3496"}],"curies":[{"name":"wp","href":"https:\/\/api.w.org\/{rel}","templated":true}]}}