{"id":3495,"date":"2022-07-18T13:14:47","date_gmt":"2022-07-18T11:28:44","guid":{"rendered":"https:\/\/glassheritagecentre.com\/glasmaske-second-skin\/"},"modified":"2022-07-18T13:28:46","modified_gmt":"2022-07-18T11:28:46","slug":"glasmaske-second-skin","status":"publish","type":"product","link":"https:\/\/glassheritagecentre.com\/de\/glasmaske-second-skin\/","title":{"rendered":"Glasmaske Second Skin"},"content":{"rendered":"<p>Glasmasken sind seit Jahrhunderten Symbole.   Sie repr\u00e4sentieren Mysterium, Unbekanntes und faszinieren durch ihre verschlungene Sch\u00f6nheit.   Mit einer Mischung aus originellen Designs und jahrhundertealten Klassikern bieten wir eine grosse Auswahl f\u00fcr jeden Geschmack, von kunstvollen Masken bis hin zu klassisch schlichten Masken.<\/p>\n<p>  Venezianische Glasmasken werden im Glass Heritage Centre in Polen handgefertigt.   W\u00e4hlen Sie aus unserer einzigartigen Kollektion von Masken, die mit ihren einfachen Formen und sch\u00f6nen Kulissen f\u00fcr andere Dekorationen faszinierend sind.   Erh\u00e4ltlich in einer Vielzahl von Formen und auff\u00e4lligen Farben, sind diese saisonalen Sch\u00f6nheiten grossartige Dekorationsideen!<\/p>\n<p>  Diese handgefertigte Glasmaske w\u00e4re perfekt als dekorativer Akzent im Wohnzimmer oder Flur.   Hochwertige Konstruktion wird diejenigen zufriedenstellen, die Dinge mit Liebe zum Detail gemacht m\u00f6gen.   Jede handgefertigte Glasmaske hat einen individuellen Charakter, der die handwerkliche Verarbeitung und die Liebe zum Detail widerspiegelt.<\/p>\n","protected":false},"excerpt":{"rendered":"<p>L\u00e4nge: 18 cm<br \/>\nBreite: 5 cm<br \/>\nH\u00f6he: 20 cm<\/p>\n","protected":false},"featured_media":70,"template":"","meta":[],"product_cat":[159,173,205],"product_tag":[],"_links":{"self":[{"href":"https:\/\/glassheritagecentre.com\/de\/wp-json\/wp\/v2\/product\/3495"}],"collection":[{"href":"https:\/\/glassheritagecentre.com\/de\/wp-json\/wp\/v2\/product"}],"about":[{"href":"https:\/\/glassheritagecentre.com\/de\/wp-json\/wp\/v2\/types\/product"}],"wp:featuredmedia":[{"embeddable":true,"href":"https:\/\/glassheritagecentre.com\/de\/wp-json\/wp\/v2\/media\/70"}],"wp:attachment":[{"href":"https:\/\/glassheritagecentre.com\/de\/wp-json\/wp\/v2\/media?parent=3495"}],"wp:term":[{"taxonomy":"product_cat","embeddable":true,"href":"https:\/\/glassheritagecentre.com\/de\/wp-json\/wp\/v2\/product_cat?post=3495"},{"taxonomy":"product_tag","embeddable":true,"href":"https:\/\/glassheritagecentre.com\/de\/wp-json\/wp\/v2\/product_tag?post=3495"}],"curies":[{"name":"wp","href":"https:\/\/api.w.org\/{rel}","templated":true}]}}