{"id":3494,"date":"2022-07-18T13:14:47","date_gmt":"2022-07-18T11:28:44","guid":{"rendered":"https:\/\/glassheritagecentre.com\/glasmaske-cosmo\/"},"modified":"2022-07-18T13:28:45","modified_gmt":"2022-07-18T11:28:45","slug":"glasmaske-cosmo","status":"publish","type":"product","link":"https:\/\/glassheritagecentre.com\/de\/glasmaske-cosmo\/","title":{"rendered":"Glasmaske Cosmo"},"content":{"rendered":"<p>Diese handgefertigte Glasmaske ist ein absolutes Must-have f\u00fcr jede Feier oder Veranstaltung.  Ihre kr\u00e4ftigen Farben bringen deine kreative Seite perfekt zur Geltung!  Heben Sie sich von der Masse ab, indem Sie dieses wundersch\u00f6ne Glaskunstwerk mitnehmen.  Die venezianische Maske wird von zwei Meisterk\u00fcnstlern handbemalt und individuell angefertigt, so dass keine Maske der anderen gleicht.  Lassen Sie dieses atemberaubende Kunstwerk Ihre Partykleider zur Geltung kommen und kr\u00f6nen Sie Ihr Urlaubsoutfit besser als jedes andere Accessoire!<\/p>\n<p> Die \u00fcberw\u00e4ltigenden Farben werden Sie noch mehr an das bunte Treiben des Karnevals in Venedig erinnern!  Diese handgefertigte Glasmaske ist ein absolutes Kunstwerk und w\u00fcrde in jedes Heim passen.  Die exquisiten Details und die Tiefe der Farben werden die Betrachter begeistern.  Diese Maske ist perfekt f\u00fcr die Person, die ein mit Farben geschm\u00fccktes St\u00fcck besitzen m\u00f6chte, das an das Treiben und die Eleganz der venezianischen Karnevalsn\u00e4chte erinnert.<\/p>\n","protected":false},"excerpt":{"rendered":"<p>L\u00e4nge: 18 cm<br \/>\nBreite: 5 cm<br \/>\nH\u00f6he: 20 cm<\/p>\n","protected":false},"featured_media":61,"template":"","meta":[],"product_cat":[159,173,205],"product_tag":[],"_links":{"self":[{"href":"https:\/\/glassheritagecentre.com\/de\/wp-json\/wp\/v2\/product\/3494"}],"collection":[{"href":"https:\/\/glassheritagecentre.com\/de\/wp-json\/wp\/v2\/product"}],"about":[{"href":"https:\/\/glassheritagecentre.com\/de\/wp-json\/wp\/v2\/types\/product"}],"wp:featuredmedia":[{"embeddable":true,"href":"https:\/\/glassheritagecentre.com\/de\/wp-json\/wp\/v2\/media\/61"}],"wp:attachment":[{"href":"https:\/\/glassheritagecentre.com\/de\/wp-json\/wp\/v2\/media?parent=3494"}],"wp:term":[{"taxonomy":"product_cat","embeddable":true,"href":"https:\/\/glassheritagecentre.com\/de\/wp-json\/wp\/v2\/product_cat?post=3494"},{"taxonomy":"product_tag","embeddable":true,"href":"https:\/\/glassheritagecentre.com\/de\/wp-json\/wp\/v2\/product_tag?post=3494"}],"curies":[{"name":"wp","href":"https:\/\/api.w.org\/{rel}","templated":true}]}}