{"id":3493,"date":"2022-07-18T13:14:47","date_gmt":"2022-07-18T11:28:44","guid":{"rendered":"https:\/\/glassheritagecentre.com\/glasmaske-fuoco\/"},"modified":"2022-07-18T13:28:44","modified_gmt":"2022-07-18T11:28:44","slug":"glasmaske-fuoco","status":"publish","type":"product","link":"https:\/\/glassheritagecentre.com\/de\/glasmaske-fuoco\/","title":{"rendered":"Glasmaske Fuoco"},"content":{"rendered":"<p>Die Glasmaske wurde in Krosno, Polen, von zwei K\u00fcnstlern handgefertigt.  Der erste K\u00fcnstler entwarf die Form und der zweite K\u00fcnstler bemalte die Maske mit einem auff\u00e4lligen Muster.  Ein wahres Meisterwerk!  Es w\u00e4re sch\u00f6n, wenn Sie dieses wunderbare handgefertigte St\u00fcck bei Ihrem n\u00e4chsten Karneval verwenden w\u00fcrden.<\/p>\n<p> Verabschieden Sie sich von den Masken aus dem Laden, die schreien &#8222;Ich habe die billige Maske von Party City genommen&#8220;!  Diese Maske ist keine gew\u00f6hnliche Maske &#8211; sie ist aus feinem polnischen Glas gefertigt und in wundersch\u00f6nen Farben handbemalt. Sie eignet sich perfekt f\u00fcr jede Kost\u00fcmparty, jedes Halloweenfest oder jedes Festkost\u00fcm. <\/p>\n<p> Wenn du nach einem Geschenk suchst, das Erinnerungen an Venedig weckt, dann ist diese handbemalte Glasmaske genau das Richtige f\u00fcr dich.  Die Details und die Vielfalt der Farben werden jeden Betrachter begeistern.  Mit unseren Glasmasken verbinden wir Tradition und Innovation zu einem absoluten Meisterwerk, das Ihnen den Atem rauben wird!<\/p>\n","protected":false},"excerpt":{"rendered":"<p>L\u00e4nge: 18 cm<br \/>\nBreite: 5 cm<br \/>\nH\u00f6he: 20 cm<\/p>\n","protected":false},"featured_media":52,"template":"","meta":[],"product_cat":[159,173,205],"product_tag":[],"_links":{"self":[{"href":"https:\/\/glassheritagecentre.com\/de\/wp-json\/wp\/v2\/product\/3493"}],"collection":[{"href":"https:\/\/glassheritagecentre.com\/de\/wp-json\/wp\/v2\/product"}],"about":[{"href":"https:\/\/glassheritagecentre.com\/de\/wp-json\/wp\/v2\/types\/product"}],"wp:featuredmedia":[{"embeddable":true,"href":"https:\/\/glassheritagecentre.com\/de\/wp-json\/wp\/v2\/media\/52"}],"wp:attachment":[{"href":"https:\/\/glassheritagecentre.com\/de\/wp-json\/wp\/v2\/media?parent=3493"}],"wp:term":[{"taxonomy":"product_cat","embeddable":true,"href":"https:\/\/glassheritagecentre.com\/de\/wp-json\/wp\/v2\/product_cat?post=3493"},{"taxonomy":"product_tag","embeddable":true,"href":"https:\/\/glassheritagecentre.com\/de\/wp-json\/wp\/v2\/product_tag?post=3493"}],"curies":[{"name":"wp","href":"https:\/\/api.w.org\/{rel}","templated":true}]}}