{"id":2624,"date":"2022-01-03T13:59:37","date_gmt":"2022-01-03T12:59:37","guid":{"rendered":"https:\/\/glassheritagecentre.com\/geschaeftsbedingungen\/"},"modified":"2022-01-03T14:19:39","modified_gmt":"2022-01-03T13:19:39","slug":"geschaeftsbedingungen","status":"publish","type":"page","link":"https:\/\/glassheritagecentre.com\/de\/geschaeftsbedingungen\/","title":{"rendered":"Gesch\u00e4ftsbedingungen"},"content":{"rendered":"\t\t<div data-elementor-type=\"wp-page\" data-elementor-id=\"2624\" class=\"elementor elementor-2624 elementor-1677\" data-elementor-settings=\"[]\">\n\t\t\t\t\t\t\t<div class=\"elementor-section-wrap\">\n\t\t\t\t\t\t\t<section class=\"elementor-section elementor-top-section elementor-element elementor-element-62a06515 elementor-section-full_width elementor-section-height-default elementor-section-height-default\" data-id=\"62a06515\" data-element_type=\"section\">\n\t\t\t\t\t\t<div class=\"elementor-container elementor-column-gap-no\">\n\t\t\t\t\t<div class=\"elementor-column elementor-col-100 elementor-top-column elementor-element elementor-element-7a9c6374\" data-id=\"7a9c6374\" data-element_type=\"column\">\n\t\t\t<div class=\"elementor-widget-wrap elementor-element-populated\">\n\t\t\t\t\t\t\t\t<section class=\"elementor-section elementor-inner-section elementor-element elementor-element-13b2cbb1 elementor-section-boxed elementor-section-height-default elementor-section-height-default\" data-id=\"13b2cbb1\" data-element_type=\"section\" data-settings=\"{&quot;background_background&quot;:&quot;classic&quot;}\">\n\t\t\t\t\t\t<div class=\"elementor-container elementor-column-gap-default\">\n\t\t\t\t\t<div class=\"elementor-column elementor-col-100 elementor-inner-column elementor-element elementor-element-edffe3\" data-id=\"edffe3\" data-element_type=\"column\" data-settings=\"{&quot;background_background&quot;:&quot;classic&quot;}\">\n\t\t\t<div class=\"elementor-widget-wrap elementor-element-populated\">\n\t\t\t\t\t\t\t\t<div class=\"elementor-element elementor-element-9546f62 elementor-widget elementor-widget-theme-post-title elementor-page-title elementor-widget-heading\" data-id=\"9546f62\" data-element_type=\"widget\" data-widget_type=\"theme-post-title.default\">\n\t\t\t\t<div class=\"elementor-widget-container\">\n\t\t\t<h1 class=\"elementor-heading-title elementor-size-default\">Gesch\u00e4ftsbedingungen<\/h1>\t\t<\/div>\n\t\t\t\t<\/div>\n\t\t\t\t\t<\/div>\n\t\t<\/div>\n\t\t\t\t\t\t\t<\/div>\n\t\t<\/section>\n\t\t\t\t\t<\/div>\n\t\t<\/div>\n\t\t\t\t\t\t\t<\/div>\n\t\t<\/section>\n\t\t\t\t<section class=\"elementor-section elementor-top-section elementor-element elementor-element-65903d89 elementor-reverse-mobile elementor-section-boxed elementor-section-height-default elementor-section-height-default\" data-id=\"65903d89\" data-element_type=\"section\">\n\t\t\t\t\t\t<div class=\"elementor-container elementor-column-gap-no\">\n\t\t\t\t\t<div class=\"elementor-column elementor-col-100 elementor-top-column elementor-element elementor-element-4ba35de0\" data-id=\"4ba35de0\" data-element_type=\"column\">\n\t\t\t<div class=\"elementor-widget-wrap elementor-element-populated\">\n\t\t\t\t\t\t\t\t<div class=\"elementor-element elementor-element-1bc795cf elementor-widget-divider--view-line elementor-widget elementor-widget-divider\" data-id=\"1bc795cf\" data-element_type=\"widget\" data-widget_type=\"divider.default\">\n\t\t\t\t<div class=\"elementor-widget-container\">\n\t\t\t\t\t<div class=\"elementor-divider\">\n\t\t\t<span class=\"elementor-divider-separator\">\n\t\t\t\t\t\t<\/span>\n\t\t<\/div>\n\t\t\t\t<\/div>\n\t\t\t\t<\/div>\n\t\t\t\t<div class=\"elementor-element elementor-element-580f9d20 elementor-widget elementor-widget-text-editor\" data-id=\"580f9d20\" data-element_type=\"widget\" data-widget_type=\"text-editor.default\">\n\t\t\t\t<div class=\"elementor-widget-container\">\n\t\t\t\t\t\t\t<p>Mit dem Kauf im Online-Shop www.glassheritagecentre.com von der Firma Glass Heritage Centre (Adresse: Blich 2 Street, 38-400 Krosno, Polen) akzeptieren Sie vollumf\u00e4nglich unsere Allgemeinen Gesch\u00e4ftsbedingungen:<\/p>\n<p>siehe Hauptvertrag, <a href=\"https:\/\/glassheritagecentre.com\/pl\/regulamin\/\">Regulamin<\/a>, Polnisch.<\/p>\n<p>F\u00fcr diejenigen, die kein Polnisch sprechen, sind die wichtigsten Punkte des Vertrages unten aufgef\u00fchrt:<\/p>\n<h3>Posten<\/h3>\n<p>Wir streben nach Perfektion bei der Beschreibung unserer Artikel. Wir f\u00fcgen jedem Artikel immer hochwertige Fotos und wenn m\u00f6glich ein 3D-Video bei und stellen sicher, dass unsere Beschreibungen in unserem Medienkatalog so genau wie m\u00f6glich sind. Fehler, die auf der Website erscheinen k\u00f6nnen, sind nicht vors\u00e4tzlich.<\/p>\n<h3>Einkaufsgegenst\u00e4nde<\/h3>\n<p>Bitte lesen Sie beim Kauf in unserem Online-Shop die Artikelbeschreibung sorgf\u00e4ltig durch. Alle aufgef\u00fchrten Produkte werden von unseren Glasmeistern komplett handgefertigt, und das ist das Sch\u00f6ne. Farben und andere Details der Produkte k\u00f6nnten ein wenig von denen abweichen, die in Bildern und Video der Artikelbeschreibung zu sehen sind. Es ist nicht m\u00f6glich, die exakten Farben, die auf Bildschirmger\u00e4ten sichtbar sind, zu garantieren. Das bedeutet, dass die Kunden sich damit einverstanden erkl\u00e4ren, immer ein einzigartiges, nie identisches Produkt zu erhalten und alle kleinen Unterschiede in Form, Farbe und Gr\u00f6sse (ca. +-5%) aus dem Medienkatalog zu akzeptieren.<\/p>\n<h3>Zahlungsmethode<\/h3>\n<p>Die Zahlung muss ausschliesslich in Euro erfolgen. Das auf dieser Website verf\u00fcgbare W\u00e4hrungsumrechnungssystem dient lediglich der Erleichterung der Navigation und entspricht m\u00f6glicherweise nicht exakt dem aktuellen Euro-Wechselkurs.<\/p>\n<h3>Seeverkehrspolitik<\/h3>\n<p>Alle Artikel werden w\u00e4hrend des Versandservice versichert, um einen hohen Qualit\u00e4tsstandard zu garantieren. Eventuelle Einfuhrabgaben werden vom K\u00e4ufer bezahlt.<\/p>\n<h3>R\u00fcckgabenpolitik<\/h3>\n<p>Der Kunde kann den gekauften Artikel innerhalb von 14 Tagen nach Lieferung zur\u00fcckgeben. Wir erstatten den Kunden vollst\u00e4ndig zur\u00fcck, wenn der Artikel v\u00f6llig intakt zur\u00fcckkommt. Von der R\u00fcckerstattung werden eventuell entstehende polnische Zollgeb\u00fchren abgezogen, die die Firma Glass Heritage Centre zahlen muss, um die zur\u00fcckgegebenen Produkte aus Nicht-EU-L\u00e4ndern zu erhalten. R\u00fcckversandgeb\u00fchr ist auf die Kunden.<br \/>\nUm eine R\u00fcckerstattung zu beantragen, senden Sie bitte eine E-Mail an office@glassheritagecentre.com.<\/p>\n<p>Das R\u00fcckgaberecht gilt nicht f\u00fcr die gekauften Produkte, bei denen der K\u00e4ufer zum Zeitpunkt der Bestellung die Gravur oder die personalisierte Dekoration oder eine Produktanpassung aus dem Katalog angefordert hat. F\u00fcr Grosshandelskauf ist die R\u00fcckgaberecht nicht g\u00fcltig.<\/p>\n<h3>Verkehrsfragen<\/h3>\n<p>Wenn Kunden irgendwelche Probleme bei der Verfolgung des Pakets bemerken, sollten sie dies dem Kurier und uns melden. Wenn das St\u00fcck besch\u00e4digt ist, muss der Kunde, sobald er es erh\u00e4lt, ein Foto des St\u00fcckes und der externen Schachtel an office@glassheritagecentre.com mit der Beschreibung der Besch\u00e4digung schicken. Der Artikel ist versichert, so dass wir ein neues schicken, sobald wir die Fotos erhalten.<\/p>\n\t\t\t\t\t\t<\/div>\n\t\t\t\t<\/div>\n\t\t\t\t<div class=\"elementor-element elementor-element-2d3a2736 elementor-widget-divider--view-line elementor-widget elementor-widget-divider\" data-id=\"2d3a2736\" data-element_type=\"widget\" data-widget_type=\"divider.default\">\n\t\t\t\t<div class=\"elementor-widget-container\">\n\t\t\t\t\t<div class=\"elementor-divider\">\n\t\t\t<span class=\"elementor-divider-separator\">\n\t\t\t\t\t\t<\/span>\n\t\t<\/div>\n\t\t\t\t<\/div>\n\t\t\t\t<\/div>\n\t\t\t\t<section class=\"elementor-section elementor-inner-section elementor-element elementor-element-7a72376c elementor-section-boxed elementor-section-height-default elementor-section-height-default\" data-id=\"7a72376c\" data-element_type=\"section\">\n\t\t\t\t\t\t<div class=\"elementor-container elementor-column-gap-default\">\n\t\t\t\t\t<div class=\"elementor-column elementor-col-50 elementor-inner-column elementor-element elementor-element-3f2da3e3\" data-id=\"3f2da3e3\" data-element_type=\"column\">\n\t\t\t<div class=\"elementor-widget-wrap elementor-element-populated\">\n\t\t\t\t\t\t\t\t<div class=\"elementor-element elementor-element-4021e749 elementor-align-left elementor-mobile-align-center elementor-widget elementor-widget-post-info\" data-id=\"4021e749\" data-element_type=\"widget\" data-widget_type=\"post-info.default\">\n\t\t\t\t<div class=\"elementor-widget-container\">\n\t\t\t\t\t<ul class=\"elementor-inline-items elementor-icon-list-items elementor-post-info\">\n\t\t\t\t\t\t\t\t<li class=\"elementor-icon-list-item elementor-repeater-item-eb1690a elementor-inline-item\" itemprop=\"author\">\n\t\t\t\t\t\t\t\t\t\t<span class=\"elementor-icon-list-icon\">\n\t\t\t\t\t\t\t\t<i aria-hidden=\"true\" class=\"far fa-gem\"><\/i>\t\t\t\t\t\t\t<\/span>\n\t\t\t\t\t\t\t\t\t<span class=\"elementor-icon-list-text elementor-post-info__item elementor-post-info__item--type-author\">\n\t\t\t\t\t\t\t\t\t\tGHC Krosno\t\t\t\t\t<\/span>\n\t\t\t\t\t\t\t\t<\/li>\n\t\t\t\t<\/ul>\n\t\t\t\t<\/div>\n\t\t\t\t<\/div>\n\t\t\t\t\t<\/div>\n\t\t<\/div>\n\t\t\t\t<div class=\"elementor-column elementor-col-50 elementor-inner-column elementor-element elementor-element-2c166db0\" data-id=\"2c166db0\" data-element_type=\"column\">\n\t\t\t<div class=\"elementor-widget-wrap elementor-element-populated\">\n\t\t\t\t\t\t\t\t<div class=\"elementor-element elementor-element-485b1c78 elementor-widget__width-auto elementor-view-default elementor-widget elementor-widget-icon\" data-id=\"485b1c78\" data-element_type=\"widget\" data-widget_type=\"icon.default\">\n\t\t\t\t<div class=\"elementor-widget-container\">\n\t\t\t\t\t<div class=\"elementor-icon-wrapper\">\n\t\t\t<a class=\"elementor-icon\" href=\"https:\/\/www.instagram.com\/glasscentrekrosno\/\" target=\"_blank\" rel=\"noopener\">\n\t\t\t<i aria-hidden=\"true\" class=\"fab fa-instagram\"><\/i>\t\t\t<\/a>\n\t\t<\/div>\n\t\t\t\t<\/div>\n\t\t\t\t<\/div>\n\t\t\t\t<div class=\"elementor-element elementor-element-46e1303b elementor-widget__width-auto elementor-view-default elementor-widget elementor-widget-icon\" data-id=\"46e1303b\" data-element_type=\"widget\" data-widget_type=\"icon.default\">\n\t\t\t\t<div class=\"elementor-widget-container\">\n\t\t\t\t\t<div class=\"elementor-icon-wrapper\">\n\t\t\t<a class=\"elementor-icon\" href=\"https:\/\/www.facebook.com\/Glass-Heritage-Centre-109169644798086\" target=\"_blank\" rel=\"noopener\">\n\t\t\t<i aria-hidden=\"true\" class=\"fab fa-facebook\"><\/i>\t\t\t<\/a>\n\t\t<\/div>\n\t\t\t\t<\/div>\n\t\t\t\t<\/div>\n\t\t\t\t<div class=\"elementor-element elementor-element-3f2dff15 elementor-widget__width-auto elementor-view-default elementor-widget elementor-widget-icon\" data-id=\"3f2dff15\" data-element_type=\"widget\" data-widget_type=\"icon.default\">\n\t\t\t\t<div class=\"elementor-widget-container\">\n\t\t\t\t\t<div class=\"elementor-icon-wrapper\">\n\t\t\t<a class=\"elementor-icon\" href=\"https:\/\/www.youtube.com\/channel\/UCaurdV_hQJasww-9UCwccjA\" target=\"_blank\" rel=\"noopener\">\n\t\t\t<i aria-hidden=\"true\" class=\"fab fa-youtube\"><\/i>\t\t\t<\/a>\n\t\t<\/div>\n\t\t\t\t<\/div>\n\t\t\t\t<\/div>\n\t\t\t\t<div class=\"elementor-element elementor-element-15d9a62a elementor-widget__width-auto elementor-view-default elementor-widget elementor-widget-icon\" data-id=\"15d9a62a\" data-element_type=\"widget\" data-widget_type=\"icon.default\">\n\t\t\t\t<div class=\"elementor-widget-container\">\n\t\t\t\t\t<div class=\"elementor-icon-wrapper\">\n\t\t\t<a class=\"elementor-icon\" href=\"https:\/\/pl.pinterest.com\/glassheritagecentre\/_created\/\" target=\"_blank\" rel=\"noopener\">\n\t\t\t<i aria-hidden=\"true\" class=\"fab fa-pinterest\"><\/i>\t\t\t<\/a>\n\t\t<\/div>\n\t\t\t\t<\/div>\n\t\t\t\t<\/div>\n\t\t\t\t<div class=\"elementor-element elementor-element-6251d8e elementor-widget__width-auto elementor-view-default elementor-widget elementor-widget-icon\" data-id=\"6251d8e\" data-element_type=\"widget\" data-widget_type=\"icon.default\">\n\t\t\t\t<div class=\"elementor-widget-container\">\n\t\t\t\t\t<div class=\"elementor-icon-wrapper\">\n\t\t\t<a class=\"elementor-icon\" href=\"https:\/\/staykeen.com\/keen\/JlgBhGFATBEzRoVfnJwj\" target=\"_blank\" rel=\"noopener\">\n\t\t\t<i aria-hidden=\"true\" class=\"fab fa-google-plus\"><\/i>\t\t\t<\/a>\n\t\t<\/div>\n\t\t\t\t<\/div>\n\t\t\t\t<\/div>\n\t\t\t\t\t<\/div>\n\t\t<\/div>\n\t\t\t\t\t\t\t<\/div>\n\t\t<\/section>\n\t\t\t\t\t<\/div>\n\t\t<\/div>\n\t\t\t\t\t\t\t<\/div>\n\t\t<\/section>\n\t\t\t\t<section class=\"elementor-section elementor-top-section elementor-element elementor-element-3a188581 elementor-section-boxed elementor-section-height-default elementor-section-height-default\" data-id=\"3a188581\" data-element_type=\"section\" data-settings=\"{&quot;background_background&quot;:&quot;classic&quot;}\">\n\t\t\t\t\t\t<div class=\"elementor-container elementor-column-gap-default\">\n\t\t\t\t\t<div class=\"elementor-column elementor-col-100 elementor-top-column elementor-element elementor-element-67b1776d\" data-id=\"67b1776d\" data-element_type=\"column\">\n\t\t\t<div class=\"elementor-widget-wrap elementor-element-populated\">\n\t\t\t\t\t\t\t\t<div class=\"elementor-element elementor-element-55681b6e elementor-widget elementor-widget-heading\" data-id=\"55681b6e\" data-element_type=\"widget\" data-widget_type=\"heading.default\">\n\t\t\t\t<div class=\"elementor-widget-container\">\n\t\t\t<h2 class=\"elementor-heading-title elementor-size-default\">Beliebte Beitr\u00e4ge<\/h2>\t\t<\/div>\n\t\t\t\t<\/div>\n\t\t\t\t<div class=\"elementor-element elementor-element-7807dcf3 elementor-posts--align-left elementor-grid-tablet-1 elementor-grid-3 elementor-grid-mobile-1 elementor-posts--thumbnail-top elementor-invisible elementor-widget elementor-widget-posts\" data-id=\"7807dcf3\" data-element_type=\"widget\" data-settings=\"{&quot;_animation&quot;:&quot;fadeIn&quot;,&quot;classic_columns_tablet&quot;:&quot;1&quot;,&quot;classic_row_gap&quot;:{&quot;unit&quot;:&quot;px&quot;,&quot;size&quot;:30,&quot;sizes&quot;:[]},&quot;classic_columns&quot;:&quot;3&quot;,&quot;classic_columns_mobile&quot;:&quot;1&quot;,&quot;classic_row_gap_tablet&quot;:{&quot;unit&quot;:&quot;px&quot;,&quot;size&quot;:&quot;&quot;,&quot;sizes&quot;:[]},&quot;classic_row_gap_mobile&quot;:{&quot;unit&quot;:&quot;px&quot;,&quot;size&quot;:&quot;&quot;,&quot;sizes&quot;:[]}}\" data-widget_type=\"posts.classic\">\n\t\t\t\t<div class=\"elementor-widget-container\">\n\t\t\t\t\t<div class=\"elementor-posts-container elementor-posts elementor-posts--skin-classic elementor-grid\">\n\t\t\t\t<article class=\"elementor-post elementor-grid-item post-2378 post type-post status-publish format-standard has-post-thumbnail hentry category-glaswissen\">\n\t\t\t\t<a class=\"elementor-post__thumbnail__link\" href=\"https:\/\/glassheritagecentre.com\/de\/glasschmuck-aus-krosno\/\">\n\t\t\t<div class=\"elementor-post__thumbnail\"><img width=\"768\" height=\"511\" src=\"https:\/\/glassheritagecentre.com\/wp-content\/uploads\/close-up-view-of-diamond-ring-and-woman-hand-3MEDSGP-768x511.jpg\" class=\"attachment-medium_large size-medium_large\" alt=\"\" loading=\"lazy\" \/><\/div>\n\t\t<\/a>\n\t\t\t\t<div class=\"elementor-post__text\">\n\t\t\t\t<h5 class=\"elementor-post__title\">\n\t\t\t<a href=\"https:\/\/glassheritagecentre.com\/de\/glasschmuck-aus-krosno\/\">\n\t\t\t\tGlasschmuck aus Krosno\t\t\t<\/a>\n\t\t<\/h5>\n\t\t\t\t<div class=\"elementor-post__meta-data\">\n\t\t\t\t\t<span class=\"elementor-post-author\">\n\t\t\tGHC Krosno\t\t<\/span>\n\t\t\t\t<span class=\"elementor-post-date\">\n\t\t\t2022-01-01\t\t<\/span>\n\t\t\t\t<\/div>\n\t\t\t\t<div class=\"elementor-post__excerpt\">\n\t\t\t<p>Mehrfarbige Realisierungen, die dekorative Eigenschaften von Glas nutzen, sind in der Lage, jedes Styling<\/p>\n\t\t<\/div>\n\t\t\t\t<\/div>\n\t\t\t\t<\/article>\n\t\t\t\t<article class=\"elementor-post elementor-grid-item post-2370 post type-post status-publish format-standard has-post-thumbnail hentry category-glaswissen\">\n\t\t\t\t<a class=\"elementor-post__thumbnail__link\" href=\"https:\/\/glassheritagecentre.com\/de\/was-ist-das-besondere-an-krosno-glas\/\">\n\t\t\t<div class=\"elementor-post__thumbnail\"><img width=\"394\" height=\"264\" src=\"https:\/\/glassheritagecentre.com\/wp-content\/uploads\/30-1-1.jpg\" class=\"attachment-medium_large size-medium_large\" alt=\"\" loading=\"lazy\" \/><\/div>\n\t\t<\/a>\n\t\t\t\t<div class=\"elementor-post__text\">\n\t\t\t\t<h5 class=\"elementor-post__title\">\n\t\t\t<a href=\"https:\/\/glassheritagecentre.com\/de\/was-ist-das-besondere-an-krosno-glas\/\">\n\t\t\t\tWas ist das Besondere an Krosno-Glas?\t\t\t<\/a>\n\t\t<\/h5>\n\t\t\t\t<div class=\"elementor-post__meta-data\">\n\t\t\t\t\t<span class=\"elementor-post-author\">\n\t\t\tGHC Krosno\t\t<\/span>\n\t\t\t\t<span class=\"elementor-post-date\">\n\t\t\t2022-01-01\t\t<\/span>\n\t\t\t\t<\/div>\n\t\t\t\t<div class=\"elementor-post__excerpt\">\n\t\t\t<p>Es gibt wohl niemanden in unserem Land, der nicht w\u00fcsste, wof\u00fcr Krosno wirklich ber\u00fchmt<\/p>\n\t\t<\/div>\n\t\t\t\t<\/div>\n\t\t\t\t<\/article>\n\t\t\t\t<article class=\"elementor-post elementor-grid-item post-2374 post type-post status-publish format-standard has-post-thumbnail hentry category-glaswissen\">\n\t\t\t\t<a class=\"elementor-post__thumbnail__link\" href=\"https:\/\/glassheritagecentre.com\/de\/die-geschichte-der-glasstadt-krosno\/\">\n\t\t\t<div class=\"elementor-post__thumbnail\"><img width=\"768\" height=\"768\" src=\"https:\/\/glassheritagecentre.com\/wp-content\/uploads\/cds_159-768x768.jpg\" class=\"attachment-medium_large size-medium_large\" alt=\"\" loading=\"lazy\" \/><\/div>\n\t\t<\/a>\n\t\t\t\t<div class=\"elementor-post__text\">\n\t\t\t\t<h5 class=\"elementor-post__title\">\n\t\t\t<a href=\"https:\/\/glassheritagecentre.com\/de\/die-geschichte-der-glasstadt-krosno\/\">\n\t\t\t\tDie Geschichte der Glasstadt Krosno\t\t\t<\/a>\n\t\t<\/h5>\n\t\t\t\t<div class=\"elementor-post__meta-data\">\n\t\t\t\t\t<span class=\"elementor-post-author\">\n\t\t\tGHC Krosno\t\t<\/span>\n\t\t\t\t<span class=\"elementor-post-date\">\n\t\t\t2022-01-01\t\t<\/span>\n\t\t\t\t<\/div>\n\t\t\t\t<div class=\"elementor-post__excerpt\">\n\t\t\t<p>Die Geschichte der Glash\u00fctte in Krosno ist fast 100 Jahre alt! &#8222;Die Geschichte der<\/p>\n\t\t<\/div>\n\t\t\t\t<\/div>\n\t\t\t\t<\/article>\n\t\t\t\t<\/div>\n\n\n\t\t\n\t\t\t\t<\/div>\n\t\t\t\t<\/div>\n\t\t\t\t\t<\/div>\n\t\t<\/div>\n\t\t\t\t\t\t\t<\/div>\n\t\t<\/section>\n\t\t\t\t<section class=\"elementor-section elementor-top-section elementor-element elementor-element-4b04a369 elementor-section-full_width elementor-reverse-tablet elementor-reverse-mobile elementor-section-height-default elementor-section-height-default\" data-id=\"4b04a369\" data-element_type=\"section\" data-settings=\"{&quot;background_background&quot;:&quot;classic&quot;,&quot;background_motion_fx_motion_fx_scrolling&quot;:&quot;yes&quot;,&quot;background_motion_fx_translateY_effect&quot;:&quot;yes&quot;,&quot;background_motion_fx_translateY_speed&quot;:{&quot;unit&quot;:&quot;px&quot;,&quot;size&quot;:4,&quot;sizes&quot;:[]},&quot;background_motion_fx_translateY_affectedRange&quot;:{&quot;unit&quot;:&quot;%&quot;,&quot;size&quot;:&quot;&quot;,&quot;sizes&quot;:{&quot;start&quot;:0,&quot;end&quot;:100}},&quot;background_motion_fx_devices&quot;:[&quot;desktop&quot;,&quot;tablet&quot;,&quot;mobile&quot;]}\">\n\t\t\t\t\t\t\t<div class=\"elementor-background-overlay\"><\/div>\n\t\t\t\t\t\t\t<div class=\"elementor-container elementor-column-gap-no\">\n\t\t\t\t\t<div class=\"elementor-column elementor-col-33 elementor-top-column elementor-element elementor-element-11caef50 elementor-hidden-tablet elementor-hidden-phone\" data-id=\"11caef50\" data-element_type=\"column\">\n\t\t\t<div class=\"elementor-widget-wrap elementor-element-populated\">\n\t\t\t\t\t\t\t\t<div class=\"elementor-element elementor-element-11690776 elementor-absolute elementor-widget elementor-widget-spacer\" data-id=\"11690776\" data-element_type=\"widget\" data-settings=\"{&quot;motion_fx_motion_fx_scrolling&quot;:&quot;yes&quot;,&quot;motion_fx_translateY_direction&quot;:&quot;negative&quot;,&quot;_position&quot;:&quot;absolute&quot;,&quot;motion_fx_translateY_effect&quot;:&quot;yes&quot;,&quot;motion_fx_motion_fx_mouse&quot;:&quot;yes&quot;,&quot;motion_fx_translateY_affectedRange&quot;:{&quot;unit&quot;:&quot;%&quot;,&quot;size&quot;:&quot;&quot;,&quot;sizes&quot;:{&quot;start&quot;:0,&quot;end&quot;:65}},&quot;motion_fx_translateY_speed&quot;:{&quot;unit&quot;:&quot;px&quot;,&quot;size&quot;:4,&quot;sizes&quot;:[]},&quot;motion_fx_devices&quot;:[&quot;desktop&quot;,&quot;tablet&quot;,&quot;mobile&quot;]}\" data-widget_type=\"spacer.default\">\n\t\t\t\t<div class=\"elementor-widget-container\">\n\t\t\t\t\t<div class=\"elementor-spacer\">\n\t\t\t<div class=\"elementor-spacer-inner\"><\/div>\n\t\t<\/div>\n\t\t\t\t<\/div>\n\t\t\t\t<\/div>\n\t\t\t\t\t<\/div>\n\t\t<\/div>\n\t\t\t\t<div class=\"elementor-column elementor-col-33 elementor-top-column elementor-element elementor-element-4afdee71\" data-id=\"4afdee71\" data-element_type=\"column\">\n\t\t\t<div class=\"elementor-widget-wrap elementor-element-populated\">\n\t\t\t\t\t\t\t\t<div class=\"elementor-element elementor-element-392c962c elementor-widget elementor-widget-heading\" data-id=\"392c962c\" data-element_type=\"widget\" data-widget_type=\"heading.default\">\n\t\t\t\t<div class=\"elementor-widget-container\">\n\t\t\t<h2 class=\"elementor-heading-title elementor-size-default\">Kostbar exklusive Kunst...<\/h2>\t\t<\/div>\n\t\t\t\t<\/div>\n\t\t\t\t<div class=\"elementor-element elementor-element-59b32904 elementor-widget elementor-widget-text-editor\" data-id=\"59b32904\" data-element_type=\"widget\" data-widget_type=\"text-editor.default\">\n\t\t\t\t<div class=\"elementor-widget-container\">\n\t\t\t\t\t\t\t<p>Wenn Sie im Glass Heritage Centre Shop kaufen, k\u00f6nnen Sie sicher sein, dass Ihr Kunstwerk 100% original ist. Jedes Produkt wird mit seinem eigenen einzigartigen Echtheitszertifikat geliefert.<\/p>\n\t\t\t\t\t\t<\/div>\n\t\t\t\t<\/div>\n\t\t\t\t<div class=\"elementor-element elementor-element-7d0b9772 elementor-align-center elementor-mobile-align-justify elementor-widget-mobile__width-inherit elementor-tablet-align-center elementor-invisible elementor-widget elementor-widget-button\" data-id=\"7d0b9772\" data-element_type=\"widget\" data-settings=\"{&quot;_animation&quot;:&quot;zoomIn&quot;}\" data-widget_type=\"button.default\">\n\t\t\t\t<div class=\"elementor-widget-container\">\n\t\t\t\t\t<div class=\"elementor-button-wrapper\">\n\t\t\t<a href=\"#elementor-action%3Aaction%3Dpopup%3Aopen%26settings%3DeyJpZCI6MjQzNiwidG9nZ2xlIjpmYWxzZX0%3D\" class=\"elementor-button-link elementor-button elementor-size-lg\" role=\"button\">\n\t\t\t\t\t\t<span class=\"elementor-button-content-wrapper\">\n\t\t\t\t\t\t<span class=\"elementor-button-icon elementor-align-icon-left\">\n\t\t\t\t<i aria-hidden=\"true\" class=\"fas fa-headset\"><\/i>\t\t\t<\/span>\n\t\t\t\t\t\t<span class=\"elementor-button-text\">KONTAKTIERE UNS<\/span>\n\t\t<\/span>\n\t\t\t\t\t<\/a>\n\t\t<\/div>\n\t\t\t\t<\/div>\n\t\t\t\t<\/div>\n\t\t\t\t\t<\/div>\n\t\t<\/div>\n\t\t\t\t<div class=\"elementor-column elementor-col-33 elementor-top-column elementor-element elementor-element-6439c08c elementor-hidden-tablet elementor-hidden-phone\" data-id=\"6439c08c\" data-element_type=\"column\">\n\t\t\t<div class=\"elementor-widget-wrap elementor-element-populated\">\n\t\t\t\t\t\t\t\t<div class=\"elementor-element elementor-element-7e111bda elementor-widget elementor-widget-spacer\" data-id=\"7e111bda\" data-element_type=\"widget\" data-widget_type=\"spacer.default\">\n\t\t\t\t<div class=\"elementor-widget-container\">\n\t\t\t\t\t<div class=\"elementor-spacer\">\n\t\t\t<div class=\"elementor-spacer-inner\"><\/div>\n\t\t<\/div>\n\t\t\t\t<\/div>\n\t\t\t\t<\/div>\n\t\t\t\t\t<\/div>\n\t\t<\/div>\n\t\t\t\t\t\t\t<\/div>\n\t\t<\/section>\n\t\t\t\t\t\t<\/div>\n\t\t\t\t\t<\/div>\n\t\t","protected":false},"excerpt":{"rendered":"<p>Mit dem Kauf im Online-Shop www.glassheritagecentre.com von der Firma Glass Heritage Centre (Adresse: Blich 2 Street, 38-400 Krosno, Polen) akzeptieren Sie vollumf\u00e4nglich unsere Allgemeinen Gesch\u00e4ftsbedingungen: siehe Hauptvertrag, Regulamin, Polnisch. F\u00fcr diejenigen, die kein Polnisch sprechen, sind die wichtigsten Punkte des Vertrages unten aufgef\u00fchrt: Posten Wir streben nach Perfektion bei der Beschreibung unserer Artikel. Wir f\u00fcgen [&hellip;]<\/p>\n","protected":false},"author":1,"featured_media":0,"parent":0,"menu_order":0,"comment_status":"closed","ping_status":"closed","template":"elementor_header_footer","meta":[],"_links":{"self":[{"href":"https:\/\/glassheritagecentre.com\/de\/wp-json\/wp\/v2\/pages\/2624"}],"collection":[{"href":"https:\/\/glassheritagecentre.com\/de\/wp-json\/wp\/v2\/pages"}],"about":[{"href":"https:\/\/glassheritagecentre.com\/de\/wp-json\/wp\/v2\/types\/page"}],"author":[{"embeddable":true,"href":"https:\/\/glassheritagecentre.com\/de\/wp-json\/wp\/v2\/users\/1"}],"replies":[{"embeddable":true,"href":"https:\/\/glassheritagecentre.com\/de\/wp-json\/wp\/v2\/comments?post=2624"}],"version-history":[{"count":0,"href":"https:\/\/glassheritagecentre.com\/de\/wp-json\/wp\/v2\/pages\/2624\/revisions"}],"wp:attachment":[{"href":"https:\/\/glassheritagecentre.com\/de\/wp-json\/wp\/v2\/media?parent=2624"}],"curies":[{"name":"wp","href":"https:\/\/api.w.org\/{rel}","templated":true}]}}